{"id":1704,"date":"2020-04-04T08:45:14","date_gmt":"2020-04-04T08:45:14","guid":{"rendered":"https:\/\/unnurarttherapy.is\/product\/inngangur-ad-listmedferd-fyrir-medferdaradila\/"},"modified":"2022-10-09T17:48:54","modified_gmt":"2022-10-09T17:48:54","slug":"introduction-to-art-therapy-for-therapists","status":"publish","type":"product","link":"https:\/\/www.unnurarttherapy.is\/en\/product\/introduction-to-art-therapy-for-therapists\/","title":{"rendered":"Introduction to art therapy for therapists"},"content":{"rendered":"<h3>Who is this course for?<\/h3>\n<p>The course is open for therapists who would like to facilitate emotional well-being for their clients through:<\/p>\n<ul>\n<li>integrating art making into their therapeutic practice<\/li>\n<li>understanding the emotional process included in the art-making and coursework learning<\/li>\n<\/ul>\n<h3>Course content<\/h3>\n<p>Insight into the basic theories and practice of art therapy is offered in the course by means of lectures, reading, written text, discussions and workshops, whereby participants take part in the creative process and experience the opportunities facilitated. Knowledge of one\u2019s own art making increases self-awareness and gives participants understanding of the art making process of their clients. A number of ways to create artwork will be introduced in the course, with the aim of increasing creativity, strengthening identity, fostering communication, memorising, and facilitating both self-awareness and emotional well-being. Prior knowledge or experience of art is not required for participation.<\/p>\n<h3>The aims of the course are to:<\/h3>\n<ul>\n<li>Introduce the basic methods and theories of art therapy<\/li>\n<li>Present ways of creating images that facilitate expression of emotions and thoughts, memorisation, creativity, social skills and well-being<\/li>\n<li>Increase understanding about the way in which problems, emotions, thoughts and contexts can be expressed through art making<\/li>\n<li>Offer participants a means to learn about themselves through their own imagery<\/li>\n<li>Explain the function and potential included in application of memory drawing<\/li>\n<li>Provide the knowledge that memory drawing is generally an effective long-term memory aid for coursework learning as well as for processing emotional material related to stress and\/or trauma<\/li>\n<\/ul>\n<p>&nbsp;<\/p>\n<h4>Module 1 \u2013 1st week<\/h4>\n<p><strong>15:00 \u2013 18:00<\/strong><\/p>\n<p>An insight into the field of art therapy will be provided, including an introduction to its basic theories and practice in relation to art making.<\/p>\n<h4>Module 2 \u2013 2nd week<\/h4>\n<p><strong>15:00 \u2013 18:00<\/strong><\/p>\n<p>Introduction to memory drawing and the basic theories and methods in relation to its application.<\/p>\n<h4>Module 3 \u2013 3rd week<\/h4>\n<p><strong>15:00 \u2013 18:00<\/strong><\/p>\n<p>Integrating art making and memory drawing within therapy.<\/p>\n<p>&nbsp;<\/p>\n<h3>Testimonials<\/h3>\n<h4><strong>Sonn\u00fd Hilma \u00deorbj\u00f6rnsd\u00f3ttir, teacher and artist:<\/strong><\/h4>\n<p>\"What you offered to us who participated in the course was an opportunity to stop, look, review and rethink. Your presence allowed us a certain freedom to be, just be present there and then in the moment, which can only be created through respect for the individual and belief in the individual's abilities. You gave us a framework and I think we all adjusted to it without fear of being judged. What we learned about art therapy and the insight you provided into that world was immeasurably valuable for me. Giving keys to that world to someone who is ready to open up will increase our possibilities to work on and support ourselves and others. You are a great teacher, Unnur, and hopefully I will get the chance of meeting you again soon and experience and learn more and more and more.\"<\/p>\n","protected":false},"excerpt":{"rendered":"<p><strong>Online Course<\/strong><\/p>\n<p>The course is open for therapists who would like to facilitate emotional well-being for their clients through: integrating art making into their therapeutic practice and understanding the emotional process included in the art-making and coursework learning.<\/p>\n","protected":false},"featured_media":706,"template":"","meta":{"_links_to":"","_links_to_target":""},"product_brand":[],"product_cat":[145],"product_tag":[],"class_list":{"0":"post-1704","1":"product","2":"type-product","3":"status-publish","4":"has-post-thumbnail","6":"product_cat-online-courses","8":"first","9":"outofstock","10":"virtual","11":"purchasable","12":"product-type-simple"},"yoast_head":"<!-- This site is optimized with the Yoast SEO plugin v27.3 - https:\/\/yoast.com\/product\/yoast-seo-wordpress\/ -->\n<title>Introduction to art therapy for therapists - Unnur Ottarsdottir<\/title>\n<meta name=\"description\" content=\"The course is open for therapists who would like to facilitate emotional well-being for their clients.\" \/>\n<meta name=\"robots\" content=\"index, follow, max-snippet:-1, max-image-preview:large, max-video-preview:-1\" \/>\n<link rel=\"canonical\" href=\"https:\/\/www.unnurarttherapy.is\/en\/product\/introduction-to-art-therapy-for-therapists\/\" \/>\n<meta property=\"og:locale\" content=\"en_US\" \/>\n<meta property=\"og:type\" content=\"article\" \/>\n<meta property=\"og:title\" content=\"Introduction to art therapy for therapists - Unnur Ottarsdottir\" \/>\n<meta property=\"og:description\" content=\"The course is open for therapists who would like to facilitate emotional well-being for their clients.\" \/>\n<meta property=\"og:url\" content=\"https:\/\/www.unnurarttherapy.is\/en\/product\/introduction-to-art-therapy-for-therapists\/\" \/>\n<meta property=\"og:site_name\" content=\"Unnur \u00d3ttarsd\u00f3ttir - Unnur Art Therapy\" \/>\n<meta property=\"article:publisher\" content=\"https:\/\/www.facebook.com\/unnurarttherapy\/\" \/>\n<meta property=\"article:modified_time\" content=\"2022-10-09T17:48:54+00:00\" \/>\n<meta property=\"og:image\" content=\"https:\/\/www.unnurarttherapy.is\/wp-content\/uploads\/2020\/12\/inngangur-medferdaradilar.jpg\" \/>\n\t<meta property=\"og:image:width\" content=\"800\" \/>\n\t<meta property=\"og:image:height\" content=\"800\" \/>\n\t<meta property=\"og:image:type\" content=\"image\/jpeg\" \/>\n<meta name=\"twitter:card\" content=\"summary_large_image\" \/>\n<meta name=\"twitter:site\" content=\"@unnurarttherapy\" \/>\n<meta name=\"twitter:label1\" content=\"Est. reading time\" \/>\n\t<meta name=\"twitter:data1\" content=\"3 minutes\" \/>\n<script type=\"application\/ld+json\" class=\"yoast-schema-graph\">{\"@context\":\"https:\\\/\\\/schema.org\",\"@graph\":[{\"@type\":\"WebPage\",\"@id\":\"https:\\\/\\\/www.unnurarttherapy.is\\\/en\\\/product\\\/introduction-to-art-therapy-for-therapists\\\/\",\"url\":\"https:\\\/\\\/www.unnurarttherapy.is\\\/en\\\/product\\\/introduction-to-art-therapy-for-therapists\\\/\",\"name\":\"Introduction to art therapy for therapists - Unnur Ottarsdottir\",\"isPartOf\":{\"@id\":\"https:\\\/\\\/www.unnurarttherapy.is\\\/en\\\/#website\"},\"primaryImageOfPage\":{\"@id\":\"https:\\\/\\\/www.unnurarttherapy.is\\\/en\\\/product\\\/introduction-to-art-therapy-for-therapists\\\/#primaryimage\"},\"image\":{\"@id\":\"https:\\\/\\\/www.unnurarttherapy.is\\\/en\\\/product\\\/introduction-to-art-therapy-for-therapists\\\/#primaryimage\"},\"thumbnailUrl\":\"https:\\\/\\\/www.unnurarttherapy.is\\\/wp-content\\\/uploads\\\/2020\\\/12\\\/inngangur-medferdaradilar.jpg\",\"datePublished\":\"2020-04-04T08:45:14+00:00\",\"dateModified\":\"2022-10-09T17:48:54+00:00\",\"description\":\"The course is open for therapists who would like to facilitate emotional well-being for their clients.\",\"breadcrumb\":{\"@id\":\"https:\\\/\\\/www.unnurarttherapy.is\\\/en\\\/product\\\/introduction-to-art-therapy-for-therapists\\\/#breadcrumb\"},\"inLanguage\":\"en-US\",\"potentialAction\":[{\"@type\":\"ReadAction\",\"target\":[\"https:\\\/\\\/www.unnurarttherapy.is\\\/en\\\/product\\\/introduction-to-art-therapy-for-therapists\\\/\"]}]},{\"@type\":\"ImageObject\",\"inLanguage\":\"en-US\",\"@id\":\"https:\\\/\\\/www.unnurarttherapy.is\\\/en\\\/product\\\/introduction-to-art-therapy-for-therapists\\\/#primaryimage\",\"url\":\"https:\\\/\\\/www.unnurarttherapy.is\\\/wp-content\\\/uploads\\\/2020\\\/12\\\/inngangur-medferdaradilar.jpg\",\"contentUrl\":\"https:\\\/\\\/www.unnurarttherapy.is\\\/wp-content\\\/uploads\\\/2020\\\/12\\\/inngangur-medferdaradilar.jpg\",\"width\":800,\"height\":800,\"caption\":\"Introduction to art therapy for therapists\"},{\"@type\":\"BreadcrumbList\",\"@id\":\"https:\\\/\\\/www.unnurarttherapy.is\\\/en\\\/product\\\/introduction-to-art-therapy-for-therapists\\\/#breadcrumb\",\"itemListElement\":[{\"@type\":\"ListItem\",\"position\":1,\"name\":\"Home\",\"item\":\"https:\\\/\\\/www.unnurarttherapy.is\\\/en\\\/?lang=en\"},{\"@type\":\"ListItem\",\"position\":2,\"name\":\"Shop\",\"item\":\"https:\\\/\\\/www.unnurarttherapy.is\\\/en\\\/shop\\\/\"},{\"@type\":\"ListItem\",\"position\":3,\"name\":\"Introduction to art therapy for therapists\"}]},{\"@type\":\"WebSite\",\"@id\":\"https:\\\/\\\/www.unnurarttherapy.is\\\/en\\\/#website\",\"url\":\"https:\\\/\\\/www.unnurarttherapy.is\\\/en\\\/\",\"name\":\"Unnur \u00d3ttarsd\u00f3ttir - Unnur Art Therapy\",\"description\":\"\",\"publisher\":{\"@id\":\"https:\\\/\\\/www.unnurarttherapy.is\\\/en\\\/#organization\"},\"potentialAction\":[{\"@type\":\"SearchAction\",\"target\":{\"@type\":\"EntryPoint\",\"urlTemplate\":\"https:\\\/\\\/www.unnurarttherapy.is\\\/en\\\/?s={search_term_string}\"},\"query-input\":{\"@type\":\"PropertyValueSpecification\",\"valueRequired\":true,\"valueName\":\"search_term_string\"}}],\"inLanguage\":\"en-US\"},{\"@type\":\"Organization\",\"@id\":\"https:\\\/\\\/www.unnurarttherapy.is\\\/en\\\/#organization\",\"name\":\"Unnur \u00d3ttarsd\u00f3ttir - Unnur Art Therapy\",\"url\":\"https:\\\/\\\/www.unnurarttherapy.is\\\/en\\\/\",\"logo\":{\"@type\":\"ImageObject\",\"inLanguage\":\"en-US\",\"@id\":\"https:\\\/\\\/www.unnurarttherapy.is\\\/en\\\/#\\\/schema\\\/logo\\\/image\\\/\",\"url\":\"https:\\\/\\\/www.unnurarttherapy.is\\\/wp-content\\\/uploads\\\/2020\\\/11\\\/logo_HOME-Vertical.svg\",\"contentUrl\":\"https:\\\/\\\/www.unnurarttherapy.is\\\/wp-content\\\/uploads\\\/2020\\\/11\\\/logo_HOME-Vertical.svg\",\"width\":236,\"height\":283,\"caption\":\"Unnur \u00d3ttarsd\u00f3ttir - Unnur Art Therapy\"},\"image\":{\"@id\":\"https:\\\/\\\/www.unnurarttherapy.is\\\/en\\\/#\\\/schema\\\/logo\\\/image\\\/\"},\"sameAs\":[\"https:\\\/\\\/www.facebook.com\\\/unnurarttherapy\\\/\",\"https:\\\/\\\/x.com\\\/unnurarttherapy\",\"https:\\\/\\\/www.instagram.com\\\/unnur_art_therapy\\\/\",\"https:\\\/\\\/www.researchgate.net\\\/profile\\\/Unnur-Ottarsdottir\",\"https:\\\/\\\/www.linkedin.com\\\/in\\\/unnur-ottarsdottir-phd-atr-40618a8\\\/\"]}]}<\/script>\n<!-- \/ Yoast SEO plugin. -->","yoast_head_json":{"title":"Introduction to art therapy for therapists - Unnur Ottarsdottir","description":"The course is open for therapists who would like to facilitate emotional well-being for their clients.","robots":{"index":"index","follow":"follow","max-snippet":"max-snippet:-1","max-image-preview":"max-image-preview:large","max-video-preview":"max-video-preview:-1"},"canonical":"https:\/\/www.unnurarttherapy.is\/en\/product\/introduction-to-art-therapy-for-therapists\/","og_locale":"en_US","og_type":"article","og_title":"Introduction to art therapy for therapists - Unnur Ottarsdottir","og_description":"The course is open for therapists who would like to facilitate emotional well-being for their clients.","og_url":"https:\/\/www.unnurarttherapy.is\/en\/product\/introduction-to-art-therapy-for-therapists\/","og_site_name":"Unnur \u00d3ttarsd\u00f3ttir - Unnur Art Therapy","article_publisher":"https:\/\/www.facebook.com\/unnurarttherapy\/","article_modified_time":"2022-10-09T17:48:54+00:00","og_image":[{"width":800,"height":800,"url":"https:\/\/www.unnurarttherapy.is\/wp-content\/uploads\/2020\/12\/inngangur-medferdaradilar.jpg","type":"image\/jpeg"}],"twitter_card":"summary_large_image","twitter_site":"@unnurarttherapy","twitter_misc":{"Est. reading time":"3 minutes"},"schema":{"@context":"https:\/\/schema.org","@graph":[{"@type":"WebPage","@id":"https:\/\/www.unnurarttherapy.is\/en\/product\/introduction-to-art-therapy-for-therapists\/","url":"https:\/\/www.unnurarttherapy.is\/en\/product\/introduction-to-art-therapy-for-therapists\/","name":"Introduction to art therapy for therapists - Unnur Ottarsdottir","isPartOf":{"@id":"https:\/\/www.unnurarttherapy.is\/en\/#website"},"primaryImageOfPage":{"@id":"https:\/\/www.unnurarttherapy.is\/en\/product\/introduction-to-art-therapy-for-therapists\/#primaryimage"},"image":{"@id":"https:\/\/www.unnurarttherapy.is\/en\/product\/introduction-to-art-therapy-for-therapists\/#primaryimage"},"thumbnailUrl":"https:\/\/www.unnurarttherapy.is\/wp-content\/uploads\/2020\/12\/inngangur-medferdaradilar.jpg","datePublished":"2020-04-04T08:45:14+00:00","dateModified":"2022-10-09T17:48:54+00:00","description":"The course is open for therapists who would like to facilitate emotional well-being for their clients.","breadcrumb":{"@id":"https:\/\/www.unnurarttherapy.is\/en\/product\/introduction-to-art-therapy-for-therapists\/#breadcrumb"},"inLanguage":"en-US","potentialAction":[{"@type":"ReadAction","target":["https:\/\/www.unnurarttherapy.is\/en\/product\/introduction-to-art-therapy-for-therapists\/"]}]},{"@type":"ImageObject","inLanguage":"en-US","@id":"https:\/\/www.unnurarttherapy.is\/en\/product\/introduction-to-art-therapy-for-therapists\/#primaryimage","url":"https:\/\/www.unnurarttherapy.is\/wp-content\/uploads\/2020\/12\/inngangur-medferdaradilar.jpg","contentUrl":"https:\/\/www.unnurarttherapy.is\/wp-content\/uploads\/2020\/12\/inngangur-medferdaradilar.jpg","width":800,"height":800,"caption":"Introduction to art therapy for therapists"},{"@type":"BreadcrumbList","@id":"https:\/\/www.unnurarttherapy.is\/en\/product\/introduction-to-art-therapy-for-therapists\/#breadcrumb","itemListElement":[{"@type":"ListItem","position":1,"name":"Home","item":"https:\/\/www.unnurarttherapy.is\/en\/?lang=en"},{"@type":"ListItem","position":2,"name":"Shop","item":"https:\/\/www.unnurarttherapy.is\/en\/shop\/"},{"@type":"ListItem","position":3,"name":"Introduction to art therapy for therapists"}]},{"@type":"WebSite","@id":"https:\/\/www.unnurarttherapy.is\/en\/#website","url":"https:\/\/www.unnurarttherapy.is\/en\/","name":"Unnur \u00d3ttarsd\u00f3ttir - Unnur Art Therapy","description":"","publisher":{"@id":"https:\/\/www.unnurarttherapy.is\/en\/#organization"},"potentialAction":[{"@type":"SearchAction","target":{"@type":"EntryPoint","urlTemplate":"https:\/\/www.unnurarttherapy.is\/en\/?s={search_term_string}"},"query-input":{"@type":"PropertyValueSpecification","valueRequired":true,"valueName":"search_term_string"}}],"inLanguage":"en-US"},{"@type":"Organization","@id":"https:\/\/www.unnurarttherapy.is\/en\/#organization","name":"Unnur \u00d3ttarsd\u00f3ttir - Unnur Art Therapy","url":"https:\/\/www.unnurarttherapy.is\/en\/","logo":{"@type":"ImageObject","inLanguage":"en-US","@id":"https:\/\/www.unnurarttherapy.is\/en\/#\/schema\/logo\/image\/","url":"https:\/\/www.unnurarttherapy.is\/wp-content\/uploads\/2020\/11\/logo_HOME-Vertical.svg","contentUrl":"https:\/\/www.unnurarttherapy.is\/wp-content\/uploads\/2020\/11\/logo_HOME-Vertical.svg","width":236,"height":283,"caption":"Unnur \u00d3ttarsd\u00f3ttir - Unnur Art Therapy"},"image":{"@id":"https:\/\/www.unnurarttherapy.is\/en\/#\/schema\/logo\/image\/"},"sameAs":["https:\/\/www.facebook.com\/unnurarttherapy\/","https:\/\/x.com\/unnurarttherapy","https:\/\/www.instagram.com\/unnur_art_therapy\/","https:\/\/www.researchgate.net\/profile\/Unnur-Ottarsdottir","https:\/\/www.linkedin.com\/in\/unnur-ottarsdottir-phd-atr-40618a8\/"]}]}},"_links":{"self":[{"href":"https:\/\/www.unnurarttherapy.is\/en\/wp-json\/wp\/v2\/product\/1704","targetHints":{"allow":["GET"]}}],"collection":[{"href":"https:\/\/www.unnurarttherapy.is\/en\/wp-json\/wp\/v2\/product"}],"about":[{"href":"https:\/\/www.unnurarttherapy.is\/en\/wp-json\/wp\/v2\/types\/product"}],"wp:featuredmedia":[{"embeddable":true,"href":"https:\/\/www.unnurarttherapy.is\/en\/wp-json\/wp\/v2\/media\/706"}],"wp:attachment":[{"href":"https:\/\/www.unnurarttherapy.is\/en\/wp-json\/wp\/v2\/media?parent=1704"}],"wp:term":[{"taxonomy":"product_brand","embeddable":true,"href":"https:\/\/www.unnurarttherapy.is\/en\/wp-json\/wp\/v2\/product_brand?post=1704"},{"taxonomy":"product_cat","embeddable":true,"href":"https:\/\/www.unnurarttherapy.is\/en\/wp-json\/wp\/v2\/product_cat?post=1704"},{"taxonomy":"product_tag","embeddable":true,"href":"https:\/\/www.unnurarttherapy.is\/en\/wp-json\/wp\/v2\/product_tag?post=1704"}],"curies":[{"name":"wp","href":"https:\/\/api.w.org\/{rel}","templated":true}]}}